{"id":117,"date":"2026-01-18T11:23:25","date_gmt":"2026-01-18T11:23:25","guid":{"rendered":"https:\/\/gneist.org\/innenm2026\/?page_id=117"},"modified":"2026-02-16T13:53:45","modified_gmt":"2026-02-16T13:53:45","slug":"billetter-gneist-arena","status":"publish","type":"page","link":"https:\/\/gneist.org\/innenm2026\/billetter-gneist-arena\/","title":{"rendered":"Billetter Gneist Arena"},"content":{"rendered":"\n<figure class=\"wp-block-image size-large\"><img decoding=\"async\" width=\"1024\" height=\"683\" loading=\"lazy\" src=\"https:\/\/gneist.org\/innenm2026\/wp-content\/uploads\/2026\/02\/1U9A8288-1024x683.jpg\" alt=\"Gneist Arena\" class=\"wp-image-158\" srcset=\"https:\/\/gneist.org\/innenm2026\/wp-content\/uploads\/2026\/02\/1U9A8288-1024x683.jpg 1024w, https:\/\/gneist.org\/innenm2026\/wp-content\/uploads\/2026\/02\/1U9A8288-300x200.jpg 300w, https:\/\/gneist.org\/innenm2026\/wp-content\/uploads\/2026\/02\/1U9A8288-768x512.jpg 768w, https:\/\/gneist.org\/innenm2026\/wp-content\/uploads\/2026\/02\/1U9A8288-1536x1024.jpg 1536w, https:\/\/gneist.org\/innenm2026\/wp-content\/uploads\/2026\/02\/1U9A8288-2048x1365.jpg 2048w\" sizes=\"auto, (max-width: 1024px) 100vw, 1024px\" \/><\/figure>\n\n\n\n<p class=\"\">For \u00e5 f\u00e5 tilgang til Gneist Arena under konkurransene i inne-NM m\u00e5 man enten ha akkreditering (deltager\/trener\/funksjon\u00e6r) eller kj\u00f8pe billett. <br><br>Vi har et begrenset antall billetter hver dag (ca 300). <br><br>Billetter selges p\u00e5 dagsbasis og koster kr 100.- pr dag. Disse kan forh\u00e5nds-kj\u00f8pes via Isonen eller arrangementsdagen i resepsjonen ved hovedinngang. (om det fortsatt er ledige plasser)<br><br>Vi har ogs\u00e5 et begrenset antall p-plasser p\u00e5 den gamle grusbanen Fana Stadion. Disse kan ogs\u00e5 kj\u00f8pes p\u00e5 forh\u00e5nd eller arrangementsdagen (om det fortsatt er ledige plasser)<br><br><strong><a href=\"https:\/\/isonen.no\/event\/cmjhleb9a02sdea016be8v7ax\/tickets\/\" target=\"_blank\" rel=\"noreferrer noopener\">Forh\u00e5ndssalg billetter og parkering<\/a><\/strong> (klikk p\u00e5 link)<\/p>\n","protected":false},"excerpt":{"rendered":"<p>For \u00e5 f\u00e5 tilgang til Gneist Arena under konkurransene i inne-NM m\u00e5 man enten ha akkreditering (deltager\/trener\/funksjon\u00e6r) eller kj\u00f8pe billett. Vi har et begrenset antall billetter hver dag (ca 300). Billetter selges p\u00e5 dagsbasis og koster kr 100.- pr dag. Disse kan forh\u00e5nds-kj\u00f8pes via Isonen eller arrangementsdagen i resepsjonen ved hovedinngang. (om det fortsatt er&#8230;<\/p>\n<div class=\"read-more\"><a href=\"https:\/\/gneist.org\/innenm2026\/billetter-gneist-arena\/\">Read More<\/a><\/div>\n","protected":false},"author":1,"featured_media":0,"parent":0,"menu_order":0,"comment_status":"closed","ping_status":"closed","template":"","meta":{"nf_dc_page":"","om_disable_all_campaigns":false,"_monsterinsights_skip_tracking":false,"_monsterinsights_sitenote_active":false,"_monsterinsights_sitenote_note":"","_monsterinsights_sitenote_category":0,"footnotes":""},"class_list":["post-117","page","type-page","status-publish","hentry"],"yoast_head":"<!-- This site is optimized with the Yoast SEO plugin v27.5 - https:\/\/yoast.com\/product\/yoast-seo-wordpress\/ -->\n<title>Billetter Gneist Arena - https:\/\/gneist.org\/innenm2026<\/title>\n<meta name=\"robots\" content=\"index, follow, max-snippet:-1, max-image-preview:large, max-video-preview:-1\" \/>\n<link rel=\"canonical\" href=\"https:\/\/gneist.org\/innenm2026\/billetter-gneist-arena\/\" \/>\n<meta property=\"og:locale\" content=\"nb_NO\" \/>\n<meta property=\"og:type\" content=\"article\" \/>\n<meta property=\"og:title\" content=\"Billetter Gneist Arena - https:\/\/gneist.org\/innenm2026\" \/>\n<meta property=\"og:description\" content=\"For \u00e5 f\u00e5 tilgang til Gneist Arena under konkurransene i inne-NM m\u00e5 man enten ha akkreditering (deltager\/trener\/funksjon\u00e6r) eller kj\u00f8pe billett. Vi har et begrenset antall billetter hver dag (ca 300). Billetter selges p\u00e5 dagsbasis og koster kr 100.- pr dag. Disse kan forh\u00e5nds-kj\u00f8pes via Isonen eller arrangementsdagen i resepsjonen ved hovedinngang. (om det fortsatt er...Read More\" \/>\n<meta property=\"og:url\" content=\"https:\/\/gneist.org\/innenm2026\/billetter-gneist-arena\/\" \/>\n<meta property=\"og:site_name\" content=\"https:\/\/gneist.org\/innenm2026\" \/>\n<meta property=\"article:modified_time\" content=\"2026-02-16T13:53:45+00:00\" \/>\n<meta property=\"og:image\" content=\"https:\/\/gneist.org\/innenm2026\/wp-content\/uploads\/2026\/02\/1U9A8288.jpg\" \/>\n\t<meta property=\"og:image:width\" content=\"2400\" \/>\n\t<meta property=\"og:image:height\" content=\"1600\" \/>\n\t<meta property=\"og:image:type\" content=\"image\/jpeg\" \/>\n<meta name=\"twitter:card\" content=\"summary_large_image\" \/>\n<meta name=\"twitter:label1\" content=\"Ansl. lesetid\" \/>\n\t<meta name=\"twitter:data1\" content=\"1 minutt\" \/>\n<script type=\"application\/ld+json\" class=\"yoast-schema-graph\">{\"@context\":\"https:\\\/\\\/schema.org\",\"@graph\":[{\"@type\":\"WebPage\",\"@id\":\"https:\\\/\\\/gneist.org\\\/innenm2026\\\/billetter-gneist-arena\\\/\",\"url\":\"https:\\\/\\\/gneist.org\\\/innenm2026\\\/billetter-gneist-arena\\\/\",\"name\":\"Billetter Gneist Arena - https:\\\/\\\/gneist.org\\\/innenm2026\",\"isPartOf\":{\"@id\":\"https:\\\/\\\/gneist.org\\\/innenm2026\\\/#website\"},\"primaryImageOfPage\":{\"@id\":\"https:\\\/\\\/gneist.org\\\/innenm2026\\\/billetter-gneist-arena\\\/#primaryimage\"},\"image\":{\"@id\":\"https:\\\/\\\/gneist.org\\\/innenm2026\\\/billetter-gneist-arena\\\/#primaryimage\"},\"thumbnailUrl\":\"https:\\\/\\\/gneist.org\\\/innenm2026\\\/wp-content\\\/uploads\\\/2026\\\/02\\\/1U9A8288-1024x683.jpg\",\"datePublished\":\"2026-01-18T11:23:25+00:00\",\"dateModified\":\"2026-02-16T13:53:45+00:00\",\"breadcrumb\":{\"@id\":\"https:\\\/\\\/gneist.org\\\/innenm2026\\\/billetter-gneist-arena\\\/#breadcrumb\"},\"inLanguage\":\"nb-NO\",\"potentialAction\":[{\"@type\":\"ReadAction\",\"target\":[\"https:\\\/\\\/gneist.org\\\/innenm2026\\\/billetter-gneist-arena\\\/\"]}]},{\"@type\":\"ImageObject\",\"inLanguage\":\"nb-NO\",\"@id\":\"https:\\\/\\\/gneist.org\\\/innenm2026\\\/billetter-gneist-arena\\\/#primaryimage\",\"url\":\"https:\\\/\\\/gneist.org\\\/innenm2026\\\/wp-content\\\/uploads\\\/2026\\\/02\\\/1U9A8288.jpg\",\"contentUrl\":\"https:\\\/\\\/gneist.org\\\/innenm2026\\\/wp-content\\\/uploads\\\/2026\\\/02\\\/1U9A8288.jpg\",\"width\":2400,\"height\":1600,\"caption\":\"Gneist Arena\"},{\"@type\":\"BreadcrumbList\",\"@id\":\"https:\\\/\\\/gneist.org\\\/innenm2026\\\/billetter-gneist-arena\\\/#breadcrumb\",\"itemListElement\":[{\"@type\":\"ListItem\",\"position\":1,\"name\":\"Home\",\"item\":\"https:\\\/\\\/gneist.org\\\/innenm2026\\\/\"},{\"@type\":\"ListItem\",\"position\":2,\"name\":\"Billetter Gneist Arena\"}]},{\"@type\":\"WebSite\",\"@id\":\"https:\\\/\\\/gneist.org\\\/innenm2026\\\/#website\",\"url\":\"https:\\\/\\\/gneist.org\\\/innenm2026\\\/\",\"name\":\"https:\\\/\\\/gneist.org\\\/innenm2026\",\"description\":\"\",\"potentialAction\":[{\"@type\":\"SearchAction\",\"target\":{\"@type\":\"EntryPoint\",\"urlTemplate\":\"https:\\\/\\\/gneist.org\\\/innenm2026\\\/?s={search_term_string}\"},\"query-input\":{\"@type\":\"PropertyValueSpecification\",\"valueRequired\":true,\"valueName\":\"search_term_string\"}}],\"inLanguage\":\"nb-NO\"}]}<\/script>\n<!-- \/ Yoast SEO plugin. -->","yoast_head_json":{"title":"Billetter Gneist Arena - https:\/\/gneist.org\/innenm2026","robots":{"index":"index","follow":"follow","max-snippet":"max-snippet:-1","max-image-preview":"max-image-preview:large","max-video-preview":"max-video-preview:-1"},"canonical":"https:\/\/gneist.org\/innenm2026\/billetter-gneist-arena\/","og_locale":"nb_NO","og_type":"article","og_title":"Billetter Gneist Arena - https:\/\/gneist.org\/innenm2026","og_description":"For \u00e5 f\u00e5 tilgang til Gneist Arena under konkurransene i inne-NM m\u00e5 man enten ha akkreditering (deltager\/trener\/funksjon\u00e6r) eller kj\u00f8pe billett. Vi har et begrenset antall billetter hver dag (ca 300). Billetter selges p\u00e5 dagsbasis og koster kr 100.- pr dag. Disse kan forh\u00e5nds-kj\u00f8pes via Isonen eller arrangementsdagen i resepsjonen ved hovedinngang. (om det fortsatt er...Read More","og_url":"https:\/\/gneist.org\/innenm2026\/billetter-gneist-arena\/","og_site_name":"https:\/\/gneist.org\/innenm2026","article_modified_time":"2026-02-16T13:53:45+00:00","og_image":[{"width":2400,"height":1600,"url":"https:\/\/gneist.org\/innenm2026\/wp-content\/uploads\/2026\/02\/1U9A8288.jpg","type":"image\/jpeg"}],"twitter_card":"summary_large_image","twitter_misc":{"Ansl. lesetid":"1 minutt"},"schema":{"@context":"https:\/\/schema.org","@graph":[{"@type":"WebPage","@id":"https:\/\/gneist.org\/innenm2026\/billetter-gneist-arena\/","url":"https:\/\/gneist.org\/innenm2026\/billetter-gneist-arena\/","name":"Billetter Gneist Arena - https:\/\/gneist.org\/innenm2026","isPartOf":{"@id":"https:\/\/gneist.org\/innenm2026\/#website"},"primaryImageOfPage":{"@id":"https:\/\/gneist.org\/innenm2026\/billetter-gneist-arena\/#primaryimage"},"image":{"@id":"https:\/\/gneist.org\/innenm2026\/billetter-gneist-arena\/#primaryimage"},"thumbnailUrl":"https:\/\/gneist.org\/innenm2026\/wp-content\/uploads\/2026\/02\/1U9A8288-1024x683.jpg","datePublished":"2026-01-18T11:23:25+00:00","dateModified":"2026-02-16T13:53:45+00:00","breadcrumb":{"@id":"https:\/\/gneist.org\/innenm2026\/billetter-gneist-arena\/#breadcrumb"},"inLanguage":"nb-NO","potentialAction":[{"@type":"ReadAction","target":["https:\/\/gneist.org\/innenm2026\/billetter-gneist-arena\/"]}]},{"@type":"ImageObject","inLanguage":"nb-NO","@id":"https:\/\/gneist.org\/innenm2026\/billetter-gneist-arena\/#primaryimage","url":"https:\/\/gneist.org\/innenm2026\/wp-content\/uploads\/2026\/02\/1U9A8288.jpg","contentUrl":"https:\/\/gneist.org\/innenm2026\/wp-content\/uploads\/2026\/02\/1U9A8288.jpg","width":2400,"height":1600,"caption":"Gneist Arena"},{"@type":"BreadcrumbList","@id":"https:\/\/gneist.org\/innenm2026\/billetter-gneist-arena\/#breadcrumb","itemListElement":[{"@type":"ListItem","position":1,"name":"Home","item":"https:\/\/gneist.org\/innenm2026\/"},{"@type":"ListItem","position":2,"name":"Billetter Gneist Arena"}]},{"@type":"WebSite","@id":"https:\/\/gneist.org\/innenm2026\/#website","url":"https:\/\/gneist.org\/innenm2026\/","name":"https:\/\/gneist.org\/innenm2026","description":"","potentialAction":[{"@type":"SearchAction","target":{"@type":"EntryPoint","urlTemplate":"https:\/\/gneist.org\/innenm2026\/?s={search_term_string}"},"query-input":{"@type":"PropertyValueSpecification","valueRequired":true,"valueName":"search_term_string"}}],"inLanguage":"nb-NO"}]}},"_links":{"self":[{"href":"https:\/\/gneist.org\/innenm2026\/wp-json\/wp\/v2\/pages\/117","targetHints":{"allow":["GET"]}}],"collection":[{"href":"https:\/\/gneist.org\/innenm2026\/wp-json\/wp\/v2\/pages"}],"about":[{"href":"https:\/\/gneist.org\/innenm2026\/wp-json\/wp\/v2\/types\/page"}],"author":[{"embeddable":true,"href":"https:\/\/gneist.org\/innenm2026\/wp-json\/wp\/v2\/users\/1"}],"replies":[{"embeddable":true,"href":"https:\/\/gneist.org\/innenm2026\/wp-json\/wp\/v2\/comments?post=117"}],"version-history":[{"count":6,"href":"https:\/\/gneist.org\/innenm2026\/wp-json\/wp\/v2\/pages\/117\/revisions"}],"predecessor-version":[{"id":166,"href":"https:\/\/gneist.org\/innenm2026\/wp-json\/wp\/v2\/pages\/117\/revisions\/166"}],"wp:attachment":[{"href":"https:\/\/gneist.org\/innenm2026\/wp-json\/wp\/v2\/media?parent=117"}],"curies":[{"name":"wp","href":"https:\/\/api.w.org\/{rel}","templated":true}]}}