{"id":13,"date":"2025-09-13T19:37:19","date_gmt":"2025-09-13T19:37:19","guid":{"rendered":"https:\/\/gneist.org\/innenm2026\/?page_id=13"},"modified":"2026-02-14T09:27:50","modified_gmt":"2026-02-14T09:27:50","slug":"akkreditering","status":"publish","type":"page","link":"https:\/\/gneist.org\/innenm2026\/akkreditering\/","title":{"rendered":"Akkreditering"},"content":{"rendered":"\n<p class=\"\"><strong>For \u00e5 komme inn i Gneist Arena under inne-NM trengs enten akkreditering eller inngangsbillett.<\/strong><br><br>IL Gneist \u00f8nsker en samlet liste over trenere\/ledere som trenger akkreditering. Akkreditering tildeles iht gjeldene regler for norske mesterskap, se under:<br><br>E-mail : gneist.friidrett@gneist.no (merket akkreditering inne-NM)<br><br>Vi foretrekker samleliste fra klubbene.<br><br><strong>Frist: Innen 20. februar<\/strong><br><br><strong>Akkreditering av trenere\/ledere skjer etter f\u00f8lgende begrensninger: (Reglement for norske mesterskap 2026<\/strong>, <strong>13.8)<\/strong><br><em>Ledere og trenere skal p\u00e5meldes samtidig med ut\u00f8verne dersom man \u00f8nsker adgangskort til mesterskapene. P\u00e5melding skjer med e-post til teknisk arrang\u00f8r. Teknisk arrang\u00f8r kan begrense antallet etter f\u00f8lgende regler: Hvert lag har rett til adgangskort til en trener og en leder. Er det p\u00e5meldt ut\u00f8vere av begge kj\u00f8nn, har laget rett til ytterligere adgangskort til en trener eller en leder. Dette skal dekke de f\u00f8rste fem ut\u00f8vere. For hver ytterligere p\u00e5begynte fem p\u00e5meldte ut\u00f8vere, har laget rett til ytterligere adgangskort til en trener eller en leder. Utover dette har laget rett til \u00e5 kj\u00f8pe adgangskort til halv pris av inngangspris, likevel ikke flere kort enn det antall som tildeles uten betaling. Ogs\u00e5 disse trenerne og\/eller lederne m\u00e5 v\u00e6re p\u00e5meldt samtidig med ut\u00f8verne. P\u00e5melding er bindende, og adgangskortene m\u00e5 betales samtidig med startkontingenten dersom innbydelsen inneholder opplysninger om den aktuelle prisen. Trenere\/ledere som lagene ikke skal betale for skal p\u00e5meldes med navn. For adgangskort som kj\u00f8pes til halv pris skal det bare oppgitt antall kort som \u00f8nskes kj\u00f8pt<\/em><\/p>\n\n\n\n<p class=\"\"><strong>Billettsalget har n\u00e5 \u00e5pnet (Isonen)<\/strong><\/p>\n","protected":false},"excerpt":{"rendered":"<p>For \u00e5 komme inn i Gneist Arena under inne-NM trengs enten akkreditering eller inngangsbillett.IL Gneist \u00f8nsker en samlet liste over trenere\/ledere som trenger akkreditering. Akkreditering tildeles iht gjeldene regler for norske mesterskap, se under:E-mail : gneist.friidrett@gneist.no (merket akkreditering inne-NM)Vi foretrekker samleliste fra klubbene.Frist: Innen 20. februarAkkreditering av trenere\/ledere skjer etter f\u00f8lgende begrensninger: (Reglement for norske&#8230;<\/p>\n<div class=\"read-more\"><a href=\"https:\/\/gneist.org\/innenm2026\/akkreditering\/\">Read More<\/a><\/div>\n","protected":false},"author":1,"featured_media":0,"parent":0,"menu_order":0,"comment_status":"closed","ping_status":"closed","template":"","meta":{"nf_dc_page":"","om_disable_all_campaigns":false,"_monsterinsights_skip_tracking":false,"_monsterinsights_sitenote_active":false,"_monsterinsights_sitenote_note":"","_monsterinsights_sitenote_category":0,"footnotes":""},"class_list":["post-13","page","type-page","status-publish","hentry"],"yoast_head":"<!-- This site is optimized with the Yoast SEO plugin v27.5 - https:\/\/yoast.com\/product\/yoast-seo-wordpress\/ -->\n<title>Akkreditering - https:\/\/gneist.org\/innenm2026<\/title>\n<meta name=\"robots\" content=\"index, follow, max-snippet:-1, max-image-preview:large, max-video-preview:-1\" \/>\n<link rel=\"canonical\" href=\"https:\/\/gneist.org\/innenm2026\/akkreditering\/\" \/>\n<meta property=\"og:locale\" content=\"nb_NO\" \/>\n<meta property=\"og:type\" content=\"article\" \/>\n<meta property=\"og:title\" content=\"Akkreditering - https:\/\/gneist.org\/innenm2026\" \/>\n<meta property=\"og:description\" content=\"For \u00e5 komme inn i Gneist Arena under inne-NM trengs enten akkreditering eller inngangsbillett.IL Gneist \u00f8nsker en samlet liste over trenere\/ledere som trenger akkreditering. Akkreditering tildeles iht gjeldene regler for norske mesterskap, se under:E-mail : gneist.friidrett@gneist.no (merket akkreditering inne-NM)Vi foretrekker samleliste fra klubbene.Frist: Innen 20. februarAkkreditering av trenere\/ledere skjer etter f\u00f8lgende begrensninger: (Reglement for norske...Read More\" \/>\n<meta property=\"og:url\" content=\"https:\/\/gneist.org\/innenm2026\/akkreditering\/\" \/>\n<meta property=\"og:site_name\" content=\"https:\/\/gneist.org\/innenm2026\" \/>\n<meta property=\"article:modified_time\" content=\"2026-02-14T09:27:50+00:00\" \/>\n<meta name=\"twitter:card\" content=\"summary_large_image\" \/>\n<meta name=\"twitter:label1\" content=\"Ansl. lesetid\" \/>\n\t<meta name=\"twitter:data1\" content=\"2 minutter\" \/>\n<script type=\"application\/ld+json\" class=\"yoast-schema-graph\">{\"@context\":\"https:\\\/\\\/schema.org\",\"@graph\":[{\"@type\":\"WebPage\",\"@id\":\"https:\\\/\\\/gneist.org\\\/innenm2026\\\/akkreditering\\\/\",\"url\":\"https:\\\/\\\/gneist.org\\\/innenm2026\\\/akkreditering\\\/\",\"name\":\"Akkreditering - https:\\\/\\\/gneist.org\\\/innenm2026\",\"isPartOf\":{\"@id\":\"https:\\\/\\\/gneist.org\\\/innenm2026\\\/#website\"},\"datePublished\":\"2025-09-13T19:37:19+00:00\",\"dateModified\":\"2026-02-14T09:27:50+00:00\",\"breadcrumb\":{\"@id\":\"https:\\\/\\\/gneist.org\\\/innenm2026\\\/akkreditering\\\/#breadcrumb\"},\"inLanguage\":\"nb-NO\",\"potentialAction\":[{\"@type\":\"ReadAction\",\"target\":[\"https:\\\/\\\/gneist.org\\\/innenm2026\\\/akkreditering\\\/\"]}]},{\"@type\":\"BreadcrumbList\",\"@id\":\"https:\\\/\\\/gneist.org\\\/innenm2026\\\/akkreditering\\\/#breadcrumb\",\"itemListElement\":[{\"@type\":\"ListItem\",\"position\":1,\"name\":\"Home\",\"item\":\"https:\\\/\\\/gneist.org\\\/innenm2026\\\/\"},{\"@type\":\"ListItem\",\"position\":2,\"name\":\"Akkreditering\"}]},{\"@type\":\"WebSite\",\"@id\":\"https:\\\/\\\/gneist.org\\\/innenm2026\\\/#website\",\"url\":\"https:\\\/\\\/gneist.org\\\/innenm2026\\\/\",\"name\":\"https:\\\/\\\/gneist.org\\\/innenm2026\",\"description\":\"\",\"potentialAction\":[{\"@type\":\"SearchAction\",\"target\":{\"@type\":\"EntryPoint\",\"urlTemplate\":\"https:\\\/\\\/gneist.org\\\/innenm2026\\\/?s={search_term_string}\"},\"query-input\":{\"@type\":\"PropertyValueSpecification\",\"valueRequired\":true,\"valueName\":\"search_term_string\"}}],\"inLanguage\":\"nb-NO\"}]}<\/script>\n<!-- \/ Yoast SEO plugin. -->","yoast_head_json":{"title":"Akkreditering - https:\/\/gneist.org\/innenm2026","robots":{"index":"index","follow":"follow","max-snippet":"max-snippet:-1","max-image-preview":"max-image-preview:large","max-video-preview":"max-video-preview:-1"},"canonical":"https:\/\/gneist.org\/innenm2026\/akkreditering\/","og_locale":"nb_NO","og_type":"article","og_title":"Akkreditering - https:\/\/gneist.org\/innenm2026","og_description":"For \u00e5 komme inn i Gneist Arena under inne-NM trengs enten akkreditering eller inngangsbillett.IL Gneist \u00f8nsker en samlet liste over trenere\/ledere som trenger akkreditering. Akkreditering tildeles iht gjeldene regler for norske mesterskap, se under:E-mail : gneist.friidrett@gneist.no (merket akkreditering inne-NM)Vi foretrekker samleliste fra klubbene.Frist: Innen 20. februarAkkreditering av trenere\/ledere skjer etter f\u00f8lgende begrensninger: (Reglement for norske...Read More","og_url":"https:\/\/gneist.org\/innenm2026\/akkreditering\/","og_site_name":"https:\/\/gneist.org\/innenm2026","article_modified_time":"2026-02-14T09:27:50+00:00","twitter_card":"summary_large_image","twitter_misc":{"Ansl. lesetid":"2 minutter"},"schema":{"@context":"https:\/\/schema.org","@graph":[{"@type":"WebPage","@id":"https:\/\/gneist.org\/innenm2026\/akkreditering\/","url":"https:\/\/gneist.org\/innenm2026\/akkreditering\/","name":"Akkreditering - https:\/\/gneist.org\/innenm2026","isPartOf":{"@id":"https:\/\/gneist.org\/innenm2026\/#website"},"datePublished":"2025-09-13T19:37:19+00:00","dateModified":"2026-02-14T09:27:50+00:00","breadcrumb":{"@id":"https:\/\/gneist.org\/innenm2026\/akkreditering\/#breadcrumb"},"inLanguage":"nb-NO","potentialAction":[{"@type":"ReadAction","target":["https:\/\/gneist.org\/innenm2026\/akkreditering\/"]}]},{"@type":"BreadcrumbList","@id":"https:\/\/gneist.org\/innenm2026\/akkreditering\/#breadcrumb","itemListElement":[{"@type":"ListItem","position":1,"name":"Home","item":"https:\/\/gneist.org\/innenm2026\/"},{"@type":"ListItem","position":2,"name":"Akkreditering"}]},{"@type":"WebSite","@id":"https:\/\/gneist.org\/innenm2026\/#website","url":"https:\/\/gneist.org\/innenm2026\/","name":"https:\/\/gneist.org\/innenm2026","description":"","potentialAction":[{"@type":"SearchAction","target":{"@type":"EntryPoint","urlTemplate":"https:\/\/gneist.org\/innenm2026\/?s={search_term_string}"},"query-input":{"@type":"PropertyValueSpecification","valueRequired":true,"valueName":"search_term_string"}}],"inLanguage":"nb-NO"}]}},"_links":{"self":[{"href":"https:\/\/gneist.org\/innenm2026\/wp-json\/wp\/v2\/pages\/13","targetHints":{"allow":["GET"]}}],"collection":[{"href":"https:\/\/gneist.org\/innenm2026\/wp-json\/wp\/v2\/pages"}],"about":[{"href":"https:\/\/gneist.org\/innenm2026\/wp-json\/wp\/v2\/types\/page"}],"author":[{"embeddable":true,"href":"https:\/\/gneist.org\/innenm2026\/wp-json\/wp\/v2\/users\/1"}],"replies":[{"embeddable":true,"href":"https:\/\/gneist.org\/innenm2026\/wp-json\/wp\/v2\/comments?post=13"}],"version-history":[{"count":9,"href":"https:\/\/gneist.org\/innenm2026\/wp-json\/wp\/v2\/pages\/13\/revisions"}],"predecessor-version":[{"id":150,"href":"https:\/\/gneist.org\/innenm2026\/wp-json\/wp\/v2\/pages\/13\/revisions\/150"}],"wp:attachment":[{"href":"https:\/\/gneist.org\/innenm2026\/wp-json\/wp\/v2\/media?parent=13"}],"curies":[{"name":"wp","href":"https:\/\/api.w.org\/{rel}","templated":true}]}}