{"id":15,"date":"2025-09-13T19:37:46","date_gmt":"2025-09-13T19:37:46","guid":{"rendered":"https:\/\/gneist.org\/innenm2026\/?page_id=15"},"modified":"2026-02-28T09:29:50","modified_gmt":"2026-02-28T09:29:50","slug":"callrom","status":"publish","type":"page","link":"https:\/\/gneist.org\/innenm2026\/callrom\/","title":{"rendered":"Callrom"},"content":{"rendered":"\n<figure class=\"wp-block-image size-large\"><img decoding=\"async\" width=\"1024\" height=\"724\" loading=\"lazy\" src=\"https:\/\/gneist.org\/innenm2026\/wp-content\/uploads\/2026\/02\/6-1024x724.webp\" alt=\"\" class=\"wp-image-285\" srcset=\"https:\/\/gneist.org\/innenm2026\/wp-content\/uploads\/2026\/02\/6-1024x724.webp 1024w, https:\/\/gneist.org\/innenm2026\/wp-content\/uploads\/2026\/02\/6-300x212.webp 300w, https:\/\/gneist.org\/innenm2026\/wp-content\/uploads\/2026\/02\/6-768x543.webp 768w, https:\/\/gneist.org\/innenm2026\/wp-content\/uploads\/2026\/02\/6-1536x1086.webp 1536w, https:\/\/gneist.org\/innenm2026\/wp-content\/uploads\/2026\/02\/6.webp 2000w\" sizes=\"auto, (max-width: 1024px) 100vw, 1024px\" \/><\/figure>\n\n\n\n<p class=\"\">Callrom i Gneist Arena blir i nord-\u00f8st delen av bygget, forbi alle garderoben og inn p\u00e5 det store lageret bakerst. Her blir det satt opp stoler og lagt ut matter for piggsko. <br><br><strong>Callrom tidene p\u00e5 plass ogs\u00e5.<\/strong><\/p>\n\n\n\n<div data-wp-interactive=\"core\/file\" class=\"wp-block-file\"><object data-wp-bind--hidden=\"!state.hasPdfPreview\" hidden class=\"wp-block-file__embed\" data=\"https:\/\/gneist.org\/innenm2026\/wp-content\/uploads\/2026\/02\/Callrom-tider-Inne-NM-2026-ver2.0.pdf\" type=\"application\/pdf\" style=\"width:100%;height:600px\" aria-label=\"Innbygging av Callrom-tider Inne-NM 2026 ver2.0\"><\/object><a id=\"wp-block-file--media-da53da68-4512-42fb-92b4-177109b19d7f\" href=\"https:\/\/gneist.org\/innenm2026\/wp-content\/uploads\/2026\/02\/Callrom-tider-Inne-NM-2026-ver2.0.pdf\">Callrom-tider Inne-NM 2026 ver2.0<\/a><a href=\"https:\/\/gneist.org\/innenm2026\/wp-content\/uploads\/2026\/02\/Callrom-tider-Inne-NM-2026-ver2.0.pdf\" class=\"wp-block-file__button wp-element-button\" download aria-describedby=\"wp-block-file--media-da53da68-4512-42fb-92b4-177109b19d7f\">Last ned<\/a><\/div>\n","protected":false},"excerpt":{"rendered":"<p>Callrom i Gneist Arena blir i nord-\u00f8st delen av bygget, forbi alle garderoben og inn p\u00e5 det store lageret bakerst. Her blir det satt opp stoler og lagt ut matter for piggsko. Callrom tidene p\u00e5 plass ogs\u00e5. Callrom-tider Inne-NM 2026 ver2.0Last ned<\/p>\n","protected":false},"author":1,"featured_media":0,"parent":0,"menu_order":0,"comment_status":"closed","ping_status":"closed","template":"","meta":{"nf_dc_page":"","om_disable_all_campaigns":false,"_monsterinsights_skip_tracking":false,"_monsterinsights_sitenote_active":false,"_monsterinsights_sitenote_note":"","_monsterinsights_sitenote_category":0,"footnotes":""},"class_list":["post-15","page","type-page","status-publish","hentry"],"yoast_head":"<!-- This site is optimized with the Yoast SEO plugin v27.5 - https:\/\/yoast.com\/product\/yoast-seo-wordpress\/ -->\n<title>Callrom - https:\/\/gneist.org\/innenm2026<\/title>\n<meta name=\"robots\" content=\"index, follow, max-snippet:-1, max-image-preview:large, max-video-preview:-1\" \/>\n<link rel=\"canonical\" href=\"https:\/\/gneist.org\/innenm2026\/callrom\/\" \/>\n<meta property=\"og:locale\" content=\"nb_NO\" \/>\n<meta property=\"og:type\" content=\"article\" \/>\n<meta property=\"og:title\" content=\"Callrom - https:\/\/gneist.org\/innenm2026\" \/>\n<meta property=\"og:description\" content=\"Callrom i Gneist Arena blir i nord-\u00f8st delen av bygget, forbi alle garderoben og inn p\u00e5 det store lageret bakerst. Her blir det satt opp stoler og lagt ut matter for piggsko. Callrom tidene p\u00e5 plass ogs\u00e5. Callrom-tider Inne-NM 2026 ver2.0Last ned\" \/>\n<meta property=\"og:url\" content=\"https:\/\/gneist.org\/innenm2026\/callrom\/\" \/>\n<meta property=\"og:site_name\" content=\"https:\/\/gneist.org\/innenm2026\" \/>\n<meta property=\"article:modified_time\" content=\"2026-02-28T09:29:50+00:00\" \/>\n<meta property=\"og:image\" content=\"https:\/\/gneist.org\/innenm2026\/wp-content\/uploads\/2026\/02\/6.webp\" \/>\n\t<meta property=\"og:image:width\" content=\"2000\" \/>\n\t<meta property=\"og:image:height\" content=\"1414\" \/>\n\t<meta property=\"og:image:type\" content=\"image\/webp\" \/>\n<meta name=\"twitter:card\" content=\"summary_large_image\" \/>\n<meta name=\"twitter:label1\" content=\"Ansl. lesetid\" \/>\n\t<meta name=\"twitter:data1\" content=\"1 minutt\" \/>\n<script type=\"application\/ld+json\" class=\"yoast-schema-graph\">{\"@context\":\"https:\\\/\\\/schema.org\",\"@graph\":[{\"@type\":\"WebPage\",\"@id\":\"https:\\\/\\\/gneist.org\\\/innenm2026\\\/callrom\\\/\",\"url\":\"https:\\\/\\\/gneist.org\\\/innenm2026\\\/callrom\\\/\",\"name\":\"Callrom - https:\\\/\\\/gneist.org\\\/innenm2026\",\"isPartOf\":{\"@id\":\"https:\\\/\\\/gneist.org\\\/innenm2026\\\/#website\"},\"primaryImageOfPage\":{\"@id\":\"https:\\\/\\\/gneist.org\\\/innenm2026\\\/callrom\\\/#primaryimage\"},\"image\":{\"@id\":\"https:\\\/\\\/gneist.org\\\/innenm2026\\\/callrom\\\/#primaryimage\"},\"thumbnailUrl\":\"https:\\\/\\\/gneist.org\\\/innenm2026\\\/wp-content\\\/uploads\\\/2026\\\/02\\\/6-1024x724.webp\",\"datePublished\":\"2025-09-13T19:37:46+00:00\",\"dateModified\":\"2026-02-28T09:29:50+00:00\",\"breadcrumb\":{\"@id\":\"https:\\\/\\\/gneist.org\\\/innenm2026\\\/callrom\\\/#breadcrumb\"},\"inLanguage\":\"nb-NO\",\"potentialAction\":[{\"@type\":\"ReadAction\",\"target\":[\"https:\\\/\\\/gneist.org\\\/innenm2026\\\/callrom\\\/\"]}]},{\"@type\":\"ImageObject\",\"inLanguage\":\"nb-NO\",\"@id\":\"https:\\\/\\\/gneist.org\\\/innenm2026\\\/callrom\\\/#primaryimage\",\"url\":\"https:\\\/\\\/gneist.org\\\/innenm2026\\\/wp-content\\\/uploads\\\/2026\\\/02\\\/6.webp\",\"contentUrl\":\"https:\\\/\\\/gneist.org\\\/innenm2026\\\/wp-content\\\/uploads\\\/2026\\\/02\\\/6.webp\",\"width\":2000,\"height\":1414},{\"@type\":\"BreadcrumbList\",\"@id\":\"https:\\\/\\\/gneist.org\\\/innenm2026\\\/callrom\\\/#breadcrumb\",\"itemListElement\":[{\"@type\":\"ListItem\",\"position\":1,\"name\":\"Home\",\"item\":\"https:\\\/\\\/gneist.org\\\/innenm2026\\\/\"},{\"@type\":\"ListItem\",\"position\":2,\"name\":\"Callrom\"}]},{\"@type\":\"WebSite\",\"@id\":\"https:\\\/\\\/gneist.org\\\/innenm2026\\\/#website\",\"url\":\"https:\\\/\\\/gneist.org\\\/innenm2026\\\/\",\"name\":\"https:\\\/\\\/gneist.org\\\/innenm2026\",\"description\":\"\",\"potentialAction\":[{\"@type\":\"SearchAction\",\"target\":{\"@type\":\"EntryPoint\",\"urlTemplate\":\"https:\\\/\\\/gneist.org\\\/innenm2026\\\/?s={search_term_string}\"},\"query-input\":{\"@type\":\"PropertyValueSpecification\",\"valueRequired\":true,\"valueName\":\"search_term_string\"}}],\"inLanguage\":\"nb-NO\"}]}<\/script>\n<!-- \/ Yoast SEO plugin. -->","yoast_head_json":{"title":"Callrom - https:\/\/gneist.org\/innenm2026","robots":{"index":"index","follow":"follow","max-snippet":"max-snippet:-1","max-image-preview":"max-image-preview:large","max-video-preview":"max-video-preview:-1"},"canonical":"https:\/\/gneist.org\/innenm2026\/callrom\/","og_locale":"nb_NO","og_type":"article","og_title":"Callrom - https:\/\/gneist.org\/innenm2026","og_description":"Callrom i Gneist Arena blir i nord-\u00f8st delen av bygget, forbi alle garderoben og inn p\u00e5 det store lageret bakerst. Her blir det satt opp stoler og lagt ut matter for piggsko. Callrom tidene p\u00e5 plass ogs\u00e5. Callrom-tider Inne-NM 2026 ver2.0Last ned","og_url":"https:\/\/gneist.org\/innenm2026\/callrom\/","og_site_name":"https:\/\/gneist.org\/innenm2026","article_modified_time":"2026-02-28T09:29:50+00:00","og_image":[{"width":2000,"height":1414,"url":"https:\/\/gneist.org\/innenm2026\/wp-content\/uploads\/2026\/02\/6.webp","type":"image\/webp"}],"twitter_card":"summary_large_image","twitter_misc":{"Ansl. lesetid":"1 minutt"},"schema":{"@context":"https:\/\/schema.org","@graph":[{"@type":"WebPage","@id":"https:\/\/gneist.org\/innenm2026\/callrom\/","url":"https:\/\/gneist.org\/innenm2026\/callrom\/","name":"Callrom - https:\/\/gneist.org\/innenm2026","isPartOf":{"@id":"https:\/\/gneist.org\/innenm2026\/#website"},"primaryImageOfPage":{"@id":"https:\/\/gneist.org\/innenm2026\/callrom\/#primaryimage"},"image":{"@id":"https:\/\/gneist.org\/innenm2026\/callrom\/#primaryimage"},"thumbnailUrl":"https:\/\/gneist.org\/innenm2026\/wp-content\/uploads\/2026\/02\/6-1024x724.webp","datePublished":"2025-09-13T19:37:46+00:00","dateModified":"2026-02-28T09:29:50+00:00","breadcrumb":{"@id":"https:\/\/gneist.org\/innenm2026\/callrom\/#breadcrumb"},"inLanguage":"nb-NO","potentialAction":[{"@type":"ReadAction","target":["https:\/\/gneist.org\/innenm2026\/callrom\/"]}]},{"@type":"ImageObject","inLanguage":"nb-NO","@id":"https:\/\/gneist.org\/innenm2026\/callrom\/#primaryimage","url":"https:\/\/gneist.org\/innenm2026\/wp-content\/uploads\/2026\/02\/6.webp","contentUrl":"https:\/\/gneist.org\/innenm2026\/wp-content\/uploads\/2026\/02\/6.webp","width":2000,"height":1414},{"@type":"BreadcrumbList","@id":"https:\/\/gneist.org\/innenm2026\/callrom\/#breadcrumb","itemListElement":[{"@type":"ListItem","position":1,"name":"Home","item":"https:\/\/gneist.org\/innenm2026\/"},{"@type":"ListItem","position":2,"name":"Callrom"}]},{"@type":"WebSite","@id":"https:\/\/gneist.org\/innenm2026\/#website","url":"https:\/\/gneist.org\/innenm2026\/","name":"https:\/\/gneist.org\/innenm2026","description":"","potentialAction":[{"@type":"SearchAction","target":{"@type":"EntryPoint","urlTemplate":"https:\/\/gneist.org\/innenm2026\/?s={search_term_string}"},"query-input":{"@type":"PropertyValueSpecification","valueRequired":true,"valueName":"search_term_string"}}],"inLanguage":"nb-NO"}]}},"_links":{"self":[{"href":"https:\/\/gneist.org\/innenm2026\/wp-json\/wp\/v2\/pages\/15","targetHints":{"allow":["GET"]}}],"collection":[{"href":"https:\/\/gneist.org\/innenm2026\/wp-json\/wp\/v2\/pages"}],"about":[{"href":"https:\/\/gneist.org\/innenm2026\/wp-json\/wp\/v2\/types\/page"}],"author":[{"embeddable":true,"href":"https:\/\/gneist.org\/innenm2026\/wp-json\/wp\/v2\/users\/1"}],"replies":[{"embeddable":true,"href":"https:\/\/gneist.org\/innenm2026\/wp-json\/wp\/v2\/comments?post=15"}],"version-history":[{"count":6,"href":"https:\/\/gneist.org\/innenm2026\/wp-json\/wp\/v2\/pages\/15\/revisions"}],"predecessor-version":[{"id":302,"href":"https:\/\/gneist.org\/innenm2026\/wp-json\/wp\/v2\/pages\/15\/revisions\/302"}],"wp:attachment":[{"href":"https:\/\/gneist.org\/innenm2026\/wp-json\/wp\/v2\/media?parent=15"}],"curies":[{"name":"wp","href":"https:\/\/api.w.org\/{rel}","templated":true}]}}