{"id":100,"date":"2024-10-21T09:21:55","date_gmt":"2024-10-21T09:21:55","guid":{"rendered":"https:\/\/gneist.org\/website_f29aed9f\/?page_id=100"},"modified":"2024-10-21T09:56:49","modified_gmt":"2024-10-21T09:56:49","slug":"quality-edvard-grieg","status":"publish","type":"page","link":"https:\/\/gneist.org\/website_f29aed9f\/quality-edvard-grieg\/","title":{"rendered":"Quality Hotel Edvard Grieg"},"content":{"rendered":"\n<figure class=\"wp-block-gallery has-nested-images columns-default is-cropped wp-block-gallery-1 is-layout-flex wp-block-gallery-is-layout-flex\">\n<figure class=\"wp-block-image size-large\"><img loading=\"lazy\" decoding=\"async\" width=\"1024\" height=\"768\" data-id=\"109\" src=\"https:\/\/gneist.org\/website_f29aed9f\/wp-content\/uploads\/2024\/10\/facade-overview-drone-quality-hotel-edvard-grieg_1500-1024x768.jpg\" alt=\"\" class=\"wp-image-109\" srcset=\"https:\/\/gneist.org\/website_f29aed9f\/wp-content\/uploads\/2024\/10\/facade-overview-drone-quality-hotel-edvard-grieg_1500-1024x768.jpg 1024w, https:\/\/gneist.org\/website_f29aed9f\/wp-content\/uploads\/2024\/10\/facade-overview-drone-quality-hotel-edvard-grieg_1500-300x225.jpg 300w, https:\/\/gneist.org\/website_f29aed9f\/wp-content\/uploads\/2024\/10\/facade-overview-drone-quality-hotel-edvard-grieg_1500-768x576.jpg 768w, https:\/\/gneist.org\/website_f29aed9f\/wp-content\/uploads\/2024\/10\/facade-overview-drone-quality-hotel-edvard-grieg_1500-600x450.jpg 600w, https:\/\/gneist.org\/website_f29aed9f\/wp-content\/uploads\/2024\/10\/facade-overview-drone-quality-hotel-edvard-grieg_1500.jpg 1500w\" sizes=\"auto, (max-width: 1024px) 100vw, 1024px\" \/><\/figure>\n<\/figure>\n\n\n\n<p class=\"\">Strawberry og Quality Hotel Edvard Grieg er en stolt samarbeidspartner ved Junior NM i Friidrett 2025 og vi ser frem til \u00e5 f\u00e5 ut\u00f8vere og trenere p\u00e5 bes\u00f8k helgen\u00a0 14 &#8211; 17 august 2025.<\/p>\n\n\n\n<p class=\"\">Link til informasjon om hotellet:&nbsp;<\/p>\n\n\n\n<p class=\"\"><a href=\"https:\/\/www.strawberry.no\/hotell\/norge\/bergen\/quality-hotel-edvard-grieg\/\" target=\"_blank\" rel=\"noreferrer noopener\">Quality Hotel Edvard Grieg<\/a><\/p>\n\n\n\n<p class=\"\"><strong>Priser for Junior NM 2025:&nbsp;<\/strong><\/p>\n\n\n\n<p class=\"\">Singelrom kr 1190 per rom per natt<\/p>\n\n\n\n<p class=\"\">Dobbeltrom kr 1390 per rom per natt<\/p>\n\n\n\n<p class=\"\">Trippelrom kr 1570 per rom per natt.&nbsp;<\/p>\n\n\n\n<p class=\"\">Deilig frokostbuffet med gode alternativer for sporty gjester er s\u00e5klart inkludert.&nbsp;<\/p>\n\n\n\n<p class=\"\"><strong>For \u00e5 bestille sender man en epost til Birte N\u00f8dset p\u00e5 Quality Hotel Edvard Grieg, epost&nbsp;<a href=\"mailto:booking.q.bergen@strawberry.no\" target=\"_blank\" rel=\"noreferrer noopener\">booking.q.bergen@strawberry.no<\/a>&nbsp;<\/strong><\/p>\n\n\n\n<p class=\"\">Skulle man trenge noen avklaringer ringer man 55 98 01 39 som er hennes direktenummer,&nbsp;<\/p>\n\n\n\n<p class=\"\">Det er begrenset med rom slik at det er f\u00f8rstemann til m\u00f8lla og bestillingsfrist er satt til 14 juni 2025 for \u00e5 v\u00e6re garantert avtaleprisene til Junior NM 2025.&nbsp;<\/p>\n\n\n\n<p class=\"\">Ved bestilling f\u00e5r man bekreftelse&nbsp;samt reduksjon og avbestillingsregler.&nbsp;<\/p>\n\n\n\n<p class=\"\">N\u00e6rmere ankomst vil det komme informasjon om bespisning p\u00e5 Quality Hotel Edvard Grieg, her er ikke alle detaljer avklart enda, men det vil v\u00e6re en l\u00f8sning for bespisning p\u00e5 kveldene under oppholdet.&nbsp;<\/p>\n","protected":false},"excerpt":{"rendered":"<p>Strawberry og Quality Hotel Edvard Grieg er en stolt samarbeidspartner ved Junior NM i Friidrett 2025 og vi ser frem til \u00e5 f\u00e5 ut\u00f8vere og trenere p\u00e5 bes\u00f8k helgen\u00a0 14 &#8211; 17 august 2025. Link til informasjon om hotellet:&nbsp; Quality Hotel Edvard Grieg Priser for Junior NM 2025:&nbsp; Singelrom kr 1190 per rom per natt&#8230;<\/p>\n<div class=\"read-more\"><a href=\"https:\/\/gneist.org\/website_f29aed9f\/quality-edvard-grieg\/\">Read More<\/a><\/div>\n","protected":false},"author":1,"featured_media":0,"parent":0,"menu_order":0,"comment_status":"closed","ping_status":"closed","template":"","meta":{"nf_dc_page":"","footnotes":""},"class_list":["post-100","page","type-page","status-publish","hentry"],"_links":{"self":[{"href":"https:\/\/gneist.org\/website_f29aed9f\/wp-json\/wp\/v2\/pages\/100","targetHints":{"allow":["GET"]}}],"collection":[{"href":"https:\/\/gneist.org\/website_f29aed9f\/wp-json\/wp\/v2\/pages"}],"about":[{"href":"https:\/\/gneist.org\/website_f29aed9f\/wp-json\/wp\/v2\/types\/page"}],"author":[{"embeddable":true,"href":"https:\/\/gneist.org\/website_f29aed9f\/wp-json\/wp\/v2\/users\/1"}],"replies":[{"embeddable":true,"href":"https:\/\/gneist.org\/website_f29aed9f\/wp-json\/wp\/v2\/comments?post=100"}],"version-history":[{"count":7,"href":"https:\/\/gneist.org\/website_f29aed9f\/wp-json\/wp\/v2\/pages\/100\/revisions"}],"predecessor-version":[{"id":113,"href":"https:\/\/gneist.org\/website_f29aed9f\/wp-json\/wp\/v2\/pages\/100\/revisions\/113"}],"wp:attachment":[{"href":"https:\/\/gneist.org\/website_f29aed9f\/wp-json\/wp\/v2\/media?parent=100"}],"curies":[{"name":"wp","href":"https:\/\/api.w.org\/{rel}","templated":true}]}}