{"id":165,"date":"2025-06-17T08:29:17","date_gmt":"2025-06-17T08:29:17","guid":{"rendered":"https:\/\/gneist.org\/website_f29aed9f\/?page_id=165"},"modified":"2025-08-15T13:48:50","modified_gmt":"2025-08-15T13:48:50","slug":"generell-informasjon","status":"publish","type":"page","link":"https:\/\/gneist.org\/website_f29aed9f\/generell-informasjon\/","title":{"rendered":"Generell informasjon"},"content":{"rendered":"\n<p class=\"\"><strong>Konkurransearena: <\/strong>Fana stadion<\/p>\n\n\n\n<p class=\"\"><strong>Oppvarmingsarena:&nbsp;<\/strong>Gneist arena og H\u00f8iehallen<\/p>\n\n\n\n<p class=\"\"><strong>Gymsalen p\u00e5 Fana stadion:<\/strong> utdeling av startnummer, akkreditering og henting\/kj\u00f8p av billett for shuttelbuss.<\/p>\n\n\n\n<p class=\"\"><strong>Toaletter og dusj:<\/strong> I garderobebygget p\u00e5 Fana stadion, i tillegg til i Gneist arena.<\/p>\n\n\n\n<p class=\"\"><strong>Innlevering og veiing av kastredskap:<\/strong> Alle kastredskaper som skal benyttes under mesterskapet m\u00e5 v\u00e6re innlevert senest 3 timer f\u00f8r \u00f8velsesstart i &#8220;garasjen&#8221; ved banen p\u00e5 Fana stadion. Se oversiktskart over stadion. <\/p>\n\n\n\n<p class=\"\"><strong>Avkryssing:<\/strong> Dette blir digitalt gjennom ANDRO opprop. E-post vil bli tilsendt ila torsdag. <\/p>\n\n\n\n<p class=\"\"><strong>Callroom og innmarsj:<\/strong> I Gneist arena<\/p>\n\n\n\n<p class=\"\"><strong>Resultater:<\/strong> Se egen fane for resultater<\/p>\n\n\n\n<p class=\"\"><strong>Premiering og premieutdeling:<\/strong> Medaljer til topp 3 i hver \u00f8velse. Se tidsskjema for l\u00f8p, tekniske \u00f8velser blir fulgt bort etter \u00f8velsen er ferdig. <\/p>\n\n\n\n<p class=\"\"><strong>Hopph\u00f8yder i h\u00f8yde:<\/strong><\/p>\n\n\n\n<p class=\"\">Samme serie for U20\/U23<\/p>\n\n\n\n<p class=\"\">K: 1.46 1.51 1.56 1.61 1.64 1.67 1.70 1.73\u00a0 1.76 1.79 1.82<\/p>\n\n\n\n<p class=\"\">M: 1.76 1.81 1.86 1.91 1.94 1.97 2.02<\/p>\n\n\n\n<p class=\"\"><\/p>\n\n\n\n<p class=\"\"><strong>Stav: <\/strong><br><br>KU20\/KU23: 2,40 &#8211; 2,60 &#8211; 2,75 &#8211; 2,90 &#8211; 3,05 &#8211; 3,20 &#8211; 3,35 &#8211; 3,45 + 10cm<\/p>\n\n\n\n<p class=\"\">MU20\/MU23: 3,49 &#8211; 3,70 &#8211; 3,91 &#8211; 4,10 &#8211; 4,27 &#8211; 4,42 &#8211; 4,55 &#8211; 4,66 &#8211; 4,75 &#8211; 4,82 &#8211; 4,87 + 5cm<br>Tenkt starth\u00f8yde for MU23 er 3,91. <\/p>\n\n\n\n<p class=\"\"><\/p>\n","protected":false},"excerpt":{"rendered":"<p>Konkurransearena: Fana stadion Oppvarmingsarena:&nbsp;Gneist arena og H\u00f8iehallen Gymsalen p\u00e5 Fana stadion: utdeling av startnummer, akkreditering og henting\/kj\u00f8p av billett for shuttelbuss. Toaletter og dusj: I garderobebygget p\u00e5 Fana stadion, i tillegg til i Gneist arena. Innlevering og veiing av kastredskap: Alle kastredskaper som skal benyttes under mesterskapet m\u00e5 v\u00e6re innlevert senest 3 timer f\u00f8r \u00f8velsesstart&#8230;<\/p>\n<div class=\"read-more\"><a href=\"https:\/\/gneist.org\/website_f29aed9f\/generell-informasjon\/\">Read More<\/a><\/div>\n","protected":false},"author":1,"featured_media":0,"parent":0,"menu_order":0,"comment_status":"closed","ping_status":"closed","template":"","meta":{"nf_dc_page":"","footnotes":""},"class_list":["post-165","page","type-page","status-publish","hentry"],"_links":{"self":[{"href":"https:\/\/gneist.org\/website_f29aed9f\/wp-json\/wp\/v2\/pages\/165","targetHints":{"allow":["GET"]}}],"collection":[{"href":"https:\/\/gneist.org\/website_f29aed9f\/wp-json\/wp\/v2\/pages"}],"about":[{"href":"https:\/\/gneist.org\/website_f29aed9f\/wp-json\/wp\/v2\/types\/page"}],"author":[{"embeddable":true,"href":"https:\/\/gneist.org\/website_f29aed9f\/wp-json\/wp\/v2\/users\/1"}],"replies":[{"embeddable":true,"href":"https:\/\/gneist.org\/website_f29aed9f\/wp-json\/wp\/v2\/comments?post=165"}],"version-history":[{"count":7,"href":"https:\/\/gneist.org\/website_f29aed9f\/wp-json\/wp\/v2\/pages\/165\/revisions"}],"predecessor-version":[{"id":438,"href":"https:\/\/gneist.org\/website_f29aed9f\/wp-json\/wp\/v2\/pages\/165\/revisions\/438"}],"wp:attachment":[{"href":"https:\/\/gneist.org\/website_f29aed9f\/wp-json\/wp\/v2\/media?parent=165"}],"curies":[{"name":"wp","href":"https:\/\/api.w.org\/{rel}","templated":true}]}}