{"id":174,"date":"2025-06-17T08:30:52","date_gmt":"2025-06-17T08:30:52","guid":{"rendered":"https:\/\/gneist.org\/website_f29aed9f\/?page_id=174"},"modified":"2025-07-17T11:52:39","modified_gmt":"2025-07-17T11:52:39","slug":"kvalifisering-dagsprogram","status":"publish","type":"page","link":"https:\/\/gneist.org\/website_f29aed9f\/kvalifisering-dagsprogram\/","title":{"rendered":"Kvalifisering &amp; dagsprogram"},"content":{"rendered":"\n<figure class=\"wp-block-image size-full\"><img loading=\"lazy\" decoding=\"async\" width=\"1000\" height=\"980\" src=\"https:\/\/gneist.org\/website_f29aed9f\/wp-content\/uploads\/2025\/06\/Junior-NM-2025-dagsprogram_1000.jpg\" alt=\"\" class=\"wp-image-224\" srcset=\"https:\/\/gneist.org\/website_f29aed9f\/wp-content\/uploads\/2025\/06\/Junior-NM-2025-dagsprogram_1000.jpg 1000w, https:\/\/gneist.org\/website_f29aed9f\/wp-content\/uploads\/2025\/06\/Junior-NM-2025-dagsprogram_1000-300x294.jpg 300w, https:\/\/gneist.org\/website_f29aed9f\/wp-content\/uploads\/2025\/06\/Junior-NM-2025-dagsprogram_1000-768x753.jpg 768w, https:\/\/gneist.org\/website_f29aed9f\/wp-content\/uploads\/2025\/06\/Junior-NM-2025-dagsprogram_1000-600x588.jpg 600w\" sizes=\"auto, (max-width: 1000px) 100vw, 1000px\" \/><\/figure>\n\n\n\n<p class=\"\"><em>Junior NM 2025 f\u00f8lger standard dagsoppsett. Tidsskjema kommer etter p\u00e5melding er utl\u00f8pt.<\/em><\/p>\n\n\n\n<p class=\"\"><\/p>\n\n\n\n<p class=\"\"> <a href=\"https:\/\/www.friidrett.no\/contentassets\/accb2c7b36834f6d98c9d85757c38469\/nm-reglement-2025-vedlegg-c-juniormesterskapet.pdf\">Link til hele reglement for junior NM her <\/a><\/p>\n\n\n\n<figure class=\"wp-block-image size-full\"><img loading=\"lazy\" decoding=\"async\" width=\"901\" height=\"754\" src=\"https:\/\/gneist.org\/website_f29aed9f\/wp-content\/uploads\/2025\/07\/kvalifisering-jr-nm.png\" alt=\"\" class=\"wp-image-294\" srcset=\"https:\/\/gneist.org\/website_f29aed9f\/wp-content\/uploads\/2025\/07\/kvalifisering-jr-nm.png 901w, https:\/\/gneist.org\/website_f29aed9f\/wp-content\/uploads\/2025\/07\/kvalifisering-jr-nm-300x251.png 300w, https:\/\/gneist.org\/website_f29aed9f\/wp-content\/uploads\/2025\/07\/kvalifisering-jr-nm-768x643.png 768w, https:\/\/gneist.org\/website_f29aed9f\/wp-content\/uploads\/2025\/07\/kvalifisering-jr-nm-600x502.png 600w\" sizes=\"auto, (max-width: 901px) 100vw, 901px\" \/><\/figure>\n","protected":false},"excerpt":{"rendered":"<p>Junior NM 2025 f\u00f8lger standard dagsoppsett. Tidsskjema kommer etter p\u00e5melding er utl\u00f8pt. Link til hele reglement for junior NM her<\/p>\n","protected":false},"author":1,"featured_media":0,"parent":0,"menu_order":0,"comment_status":"closed","ping_status":"closed","template":"","meta":{"nf_dc_page":"","footnotes":""},"class_list":["post-174","page","type-page","status-publish","hentry"],"_links":{"self":[{"href":"https:\/\/gneist.org\/website_f29aed9f\/wp-json\/wp\/v2\/pages\/174","targetHints":{"allow":["GET"]}}],"collection":[{"href":"https:\/\/gneist.org\/website_f29aed9f\/wp-json\/wp\/v2\/pages"}],"about":[{"href":"https:\/\/gneist.org\/website_f29aed9f\/wp-json\/wp\/v2\/types\/page"}],"author":[{"embeddable":true,"href":"https:\/\/gneist.org\/website_f29aed9f\/wp-json\/wp\/v2\/users\/1"}],"replies":[{"embeddable":true,"href":"https:\/\/gneist.org\/website_f29aed9f\/wp-json\/wp\/v2\/comments?post=174"}],"version-history":[{"count":5,"href":"https:\/\/gneist.org\/website_f29aed9f\/wp-json\/wp\/v2\/pages\/174\/revisions"}],"predecessor-version":[{"id":296,"href":"https:\/\/gneist.org\/website_f29aed9f\/wp-json\/wp\/v2\/pages\/174\/revisions\/296"}],"wp:attachment":[{"href":"https:\/\/gneist.org\/website_f29aed9f\/wp-json\/wp\/v2\/media?parent=174"}],"curies":[{"name":"wp","href":"https:\/\/api.w.org\/{rel}","templated":true}]}}