{"id":183,"date":"2025-06-17T08:32:14","date_gmt":"2025-06-17T08:32:14","guid":{"rendered":"https:\/\/gneist.org\/website_f29aed9f\/?page_id=183"},"modified":"2025-08-14T09:44:24","modified_gmt":"2025-08-14T09:44:24","slug":"akkreditering","status":"publish","type":"page","link":"https:\/\/gneist.org\/website_f29aed9f\/akkreditering\/","title":{"rendered":"Akkreditering"},"content":{"rendered":"\n<p class=\"\"><strong>Frivillige: <\/strong>Alle frivillige f\u00e5r akkreditering. Frivillige vil ha tilgang p\u00e5 alle steder, inkludert funksjon\u00e6rmat. <\/p>\n\n\n\n<p class=\"\"><strong>Ut\u00f8vere: <\/strong>Alle ut\u00f8vere f\u00e5r akkreditering. Dette gir tilgang til oppvarming i Gneist Arena og indre bane p\u00e5 Fana stadion (kun n\u00e5r ut\u00f8veren skal konkurrere). <\/p>\n\n\n\n<p class=\"\"><strong>Trenere og lagledere: <\/strong>Disse f\u00e5r tilgang til \u00e5 v\u00e6re p\u00e5 hele tribunen p\u00e5 Fana stadion under stevnet, <strong>men ikke p\u00e5 indre bane. <\/strong>I tillegg f\u00e5r de tilgang til oppvarmingsarena i Gneist Arena.<br>Akkreditering hentes ut i gymsalen p\u00e5 Fana stadion p\u00e5 stevnedagene.<\/p>\n\n\n\n<p class=\"\"><strong>Presse og media: <\/strong>se egen fane for &#8220;presse og media&#8221;.<\/p>\n","protected":false},"excerpt":{"rendered":"<p>Frivillige: Alle frivillige f\u00e5r akkreditering. Frivillige vil ha tilgang p\u00e5 alle steder, inkludert funksjon\u00e6rmat. Ut\u00f8vere: Alle ut\u00f8vere f\u00e5r akkreditering. Dette gir tilgang til oppvarming i Gneist Arena og indre bane p\u00e5 Fana stadion (kun n\u00e5r ut\u00f8veren skal konkurrere). Trenere og lagledere: Disse f\u00e5r tilgang til \u00e5 v\u00e6re p\u00e5 hele tribunen p\u00e5 Fana stadion under stevnet,&#8230;<\/p>\n<div class=\"read-more\"><a href=\"https:\/\/gneist.org\/website_f29aed9f\/akkreditering\/\">Read More<\/a><\/div>\n","protected":false},"author":1,"featured_media":0,"parent":0,"menu_order":0,"comment_status":"closed","ping_status":"closed","template":"","meta":{"nf_dc_page":"","footnotes":""},"class_list":["post-183","page","type-page","status-publish","hentry"],"_links":{"self":[{"href":"https:\/\/gneist.org\/website_f29aed9f\/wp-json\/wp\/v2\/pages\/183","targetHints":{"allow":["GET"]}}],"collection":[{"href":"https:\/\/gneist.org\/website_f29aed9f\/wp-json\/wp\/v2\/pages"}],"about":[{"href":"https:\/\/gneist.org\/website_f29aed9f\/wp-json\/wp\/v2\/types\/page"}],"author":[{"embeddable":true,"href":"https:\/\/gneist.org\/website_f29aed9f\/wp-json\/wp\/v2\/users\/1"}],"replies":[{"embeddable":true,"href":"https:\/\/gneist.org\/website_f29aed9f\/wp-json\/wp\/v2\/comments?post=183"}],"version-history":[{"count":8,"href":"https:\/\/gneist.org\/website_f29aed9f\/wp-json\/wp\/v2\/pages\/183\/revisions"}],"predecessor-version":[{"id":422,"href":"https:\/\/gneist.org\/website_f29aed9f\/wp-json\/wp\/v2\/pages\/183\/revisions\/422"}],"wp:attachment":[{"href":"https:\/\/gneist.org\/website_f29aed9f\/wp-json\/wp\/v2\/media?parent=183"}],"curies":[{"name":"wp","href":"https:\/\/api.w.org\/{rel}","templated":true}]}}