{"id":197,"date":"2025-06-17T08:45:08","date_gmt":"2025-06-17T08:45:08","guid":{"rendered":"https:\/\/gneist.org\/website_f29aed9f\/?page_id=197"},"modified":"2025-08-08T19:44:46","modified_gmt":"2025-08-08T19:44:46","slug":"gneist-arena-oppvarming","status":"publish","type":"page","link":"https:\/\/gneist.org\/website_f29aed9f\/gneist-arena-oppvarming\/","title":{"rendered":"Gneist Arena (oppvarming)"},"content":{"rendered":"\n<figure class=\"wp-block-image size-full\"><img loading=\"lazy\" decoding=\"async\" width=\"890\" height=\"500\" src=\"https:\/\/gneist.org\/website_f29aed9f\/wp-content\/uploads\/2025\/07\/gneist-arena.jpg\" alt=\"\" class=\"wp-image-235\" srcset=\"https:\/\/gneist.org\/website_f29aed9f\/wp-content\/uploads\/2025\/07\/gneist-arena.jpg 890w, https:\/\/gneist.org\/website_f29aed9f\/wp-content\/uploads\/2025\/07\/gneist-arena-300x169.jpg 300w, https:\/\/gneist.org\/website_f29aed9f\/wp-content\/uploads\/2025\/07\/gneist-arena-768x431.jpg 768w, https:\/\/gneist.org\/website_f29aed9f\/wp-content\/uploads\/2025\/07\/gneist-arena-600x337.jpg 600w\" sizes=\"auto, (max-width: 890px) 100vw, 890px\" \/><\/figure>\n\n\n\n<p class=\"\"><strong>Adresse: <\/strong>Siljust\u00f8lvegen 3, 5239 R\u00e5dal<\/p>\n\n\n\n<p class=\"\">Gneist Arena er en helt ny innend\u00f8rs hall som st\u00e5r klar i 2025. <\/p>\n\n\n\n<p class=\"\"><strong>Fasiliteter: <\/strong><br>&#8211; Friidrettsbane innend\u00f8rs, 6 baner p\u00e5 200m. <br>&#8211; Et &#8220;kombi-dekke&#8221; i midten av banen, hvor det merket for volleyball- og h\u00e5ndballbaner, samt merket for 8 baner p\u00e5 60m.<br>&#8211; Kast-ring (ikke klart til mesterskapet), stavmatte, h\u00f8ydematte og 2 lengdegroper. <br>&#8211; 4 garderober i 1. etasje ved hallen med mulighet for dusj<br>&#8211; Mange toalettfasiliteter<br>&#8211; Treningsrom (ikke klart til mesterskapet)<br><\/p>\n\n\n\n<p class=\"\"><strong>Oversiktskart:<\/strong> <\/p>\n\n\n\n<figure class=\"wp-block-image size-large\"><img loading=\"lazy\" decoding=\"async\" width=\"1024\" height=\"724\" src=\"https:\/\/gneist.org\/website_f29aed9f\/wp-content\/uploads\/2025\/08\/8-1024x724.jpg\" alt=\"\" class=\"wp-image-349\" srcset=\"https:\/\/gneist.org\/website_f29aed9f\/wp-content\/uploads\/2025\/08\/8-1024x724.jpg 1024w, https:\/\/gneist.org\/website_f29aed9f\/wp-content\/uploads\/2025\/08\/8-300x212.jpg 300w, https:\/\/gneist.org\/website_f29aed9f\/wp-content\/uploads\/2025\/08\/8-768x543.jpg 768w, https:\/\/gneist.org\/website_f29aed9f\/wp-content\/uploads\/2025\/08\/8-1536x1086.jpg 1536w, https:\/\/gneist.org\/website_f29aed9f\/wp-content\/uploads\/2025\/08\/8-600x424.jpg 600w, https:\/\/gneist.org\/website_f29aed9f\/wp-content\/uploads\/2025\/08\/8.jpg 2000w\" sizes=\"auto, (max-width: 1024px) 100vw, 1024px\" \/><\/figure>\n\n\n\n<p class=\"\"><strong>Parkering:<\/strong> Det er ikke mulig \u00e5 parkere rett utenfor Gneist Arena, kun p\u00e5 parkeringsplass p\u00e5 grusbanen p\u00e5 motsatt side av veien. Se mer informasjon om parkering p\u00e5 hjemmesiden under &#8220;Lag, publikum &amp; presse&#8221; -&gt; Parkering.<\/p>\n\n\n\n<p class=\"\"><strong>Piggsko: <\/strong>Gneist Arena vil bli benyttet til oppvarmingsarena under mesterskapet. <strong>Her er det kun lov \u00e5 benytte piggsko p\u00e5 rundbanen.<\/strong> P\u00e5 banedekket i midten (h\u00e5ndballbane) er det kun lov med joggesko!<\/p>\n\n\n\n<p class=\"\"><strong>Det er heller ikke lov \u00e5 ta med seg noe annen form for drikke p\u00e5 l\u00f8pebanen enn vann,<\/strong> da det lager merke i dekket!<\/p>\n","protected":false},"excerpt":{"rendered":"<p>Adresse: Siljust\u00f8lvegen 3, 5239 R\u00e5dal Gneist Arena er en helt ny innend\u00f8rs hall som st\u00e5r klar i 2025. Fasiliteter: &#8211; Friidrettsbane innend\u00f8rs, 6 baner p\u00e5 200m. &#8211; Et &#8220;kombi-dekke&#8221; i midten av banen, hvor det merket for volleyball- og h\u00e5ndballbaner, samt merket for 8 baner p\u00e5 60m.&#8211; Kast-ring (ikke klart til mesterskapet), stavmatte, h\u00f8ydematte og&#8230;<\/p>\n<div class=\"read-more\"><a href=\"https:\/\/gneist.org\/website_f29aed9f\/gneist-arena-oppvarming\/\">Read More<\/a><\/div>\n","protected":false},"author":1,"featured_media":0,"parent":0,"menu_order":0,"comment_status":"closed","ping_status":"closed","template":"","meta":{"nf_dc_page":"","footnotes":""},"class_list":["post-197","page","type-page","status-publish","hentry"],"_links":{"self":[{"href":"https:\/\/gneist.org\/website_f29aed9f\/wp-json\/wp\/v2\/pages\/197","targetHints":{"allow":["GET"]}}],"collection":[{"href":"https:\/\/gneist.org\/website_f29aed9f\/wp-json\/wp\/v2\/pages"}],"about":[{"href":"https:\/\/gneist.org\/website_f29aed9f\/wp-json\/wp\/v2\/types\/page"}],"author":[{"embeddable":true,"href":"https:\/\/gneist.org\/website_f29aed9f\/wp-json\/wp\/v2\/users\/1"}],"replies":[{"embeddable":true,"href":"https:\/\/gneist.org\/website_f29aed9f\/wp-json\/wp\/v2\/comments?post=197"}],"version-history":[{"count":7,"href":"https:\/\/gneist.org\/website_f29aed9f\/wp-json\/wp\/v2\/pages\/197\/revisions"}],"predecessor-version":[{"id":351,"href":"https:\/\/gneist.org\/website_f29aed9f\/wp-json\/wp\/v2\/pages\/197\/revisions\/351"}],"wp:attachment":[{"href":"https:\/\/gneist.org\/website_f29aed9f\/wp-json\/wp\/v2\/media?parent=197"}],"curies":[{"name":"wp","href":"https:\/\/api.w.org\/{rel}","templated":true}]}}