{"id":265,"date":"2025-07-17T09:05:57","date_gmt":"2025-07-17T09:05:57","guid":{"rendered":"https:\/\/gneist.org\/website_f29aed9f\/?page_id=265"},"modified":"2025-08-08T18:51:12","modified_gmt":"2025-08-08T18:51:12","slug":"transport-av-staver","status":"publish","type":"page","link":"https:\/\/gneist.org\/website_f29aed9f\/transport-av-staver\/","title":{"rendered":"Transport av staver"},"content":{"rendered":"\n<p class=\"\">Trenger du hjelp til transport av staver fra Flesland til Fana stadion? Ta kontakt med Gjert H\u00f8ie Sjursen p\u00e5 telefon: 90551181<\/p>\n\n\n\n<p class=\"\">Ellers kan staver leveres til Gneist arena torsdag 14.08 mellom kl. 12-20 hvor vi oppbevarer de p\u00e5 lager til konkurransen. Ring Gjert n\u00e5r du er utenfor s\u00e5 \u00e5pner han porten. <\/p>\n\n\n\n<p class=\"\"><strong>Ut\u00f8vere m\u00e5 selv frakte stavene sine fra Gneist arena og til stadion f\u00f8r\/etter konkurranse. <\/strong><\/p>\n\n\n\n<p class=\"\"><\/p>\n","protected":false},"excerpt":{"rendered":"<p>Trenger du hjelp til transport av staver fra Flesland til Fana stadion? Ta kontakt med Gjert H\u00f8ie Sjursen p\u00e5 telefon: 90551181 Ellers kan staver leveres til Gneist arena torsdag 14.08 mellom kl. 12-20 hvor vi oppbevarer de p\u00e5 lager til konkurransen. Ring Gjert n\u00e5r du er utenfor s\u00e5 \u00e5pner han porten. Ut\u00f8vere m\u00e5 selv frakte&#8230;<\/p>\n<div class=\"read-more\"><a href=\"https:\/\/gneist.org\/website_f29aed9f\/transport-av-staver\/\">Read More<\/a><\/div>\n","protected":false},"author":1,"featured_media":0,"parent":0,"menu_order":0,"comment_status":"closed","ping_status":"closed","template":"","meta":{"nf_dc_page":"","footnotes":""},"class_list":["post-265","page","type-page","status-publish","hentry"],"_links":{"self":[{"href":"https:\/\/gneist.org\/website_f29aed9f\/wp-json\/wp\/v2\/pages\/265","targetHints":{"allow":["GET"]}}],"collection":[{"href":"https:\/\/gneist.org\/website_f29aed9f\/wp-json\/wp\/v2\/pages"}],"about":[{"href":"https:\/\/gneist.org\/website_f29aed9f\/wp-json\/wp\/v2\/types\/page"}],"author":[{"embeddable":true,"href":"https:\/\/gneist.org\/website_f29aed9f\/wp-json\/wp\/v2\/users\/1"}],"replies":[{"embeddable":true,"href":"https:\/\/gneist.org\/website_f29aed9f\/wp-json\/wp\/v2\/comments?post=265"}],"version-history":[{"count":3,"href":"https:\/\/gneist.org\/website_f29aed9f\/wp-json\/wp\/v2\/pages\/265\/revisions"}],"predecessor-version":[{"id":324,"href":"https:\/\/gneist.org\/website_f29aed9f\/wp-json\/wp\/v2\/pages\/265\/revisions\/324"}],"wp:attachment":[{"href":"https:\/\/gneist.org\/website_f29aed9f\/wp-json\/wp\/v2\/media?parent=265"}],"curies":[{"name":"wp","href":"https:\/\/api.w.org\/{rel}","templated":true}]}}