{"id":306,"date":"2025-07-17T12:15:57","date_gmt":"2025-07-17T12:15:57","guid":{"rendered":"https:\/\/gneist.org\/website_f29aed9f\/?page_id=306"},"modified":"2025-08-13T18:59:40","modified_gmt":"2025-08-13T18:59:40","slug":"parkering","status":"publish","type":"page","link":"https:\/\/gneist.org\/website_f29aed9f\/parkering\/","title":{"rendered":"Parkering"},"content":{"rendered":"\n<p class=\"\">Vi anbefaler alle \u00e5 benytte seg av kollektiv transport. <\/p>\n\n\n\n<p class=\"\"><strong>Lagunen terminal (buss og bybane): <\/strong>Lagunen terminal er et stort knutepunkt for kollektivtransport, her er det b\u00e5de buss og bybane, ca. 15-20 min \u00e5 g\u00e5 til Fana stadion og Gneist arena. <\/p>\n\n\n\n<p class=\"\"><em>Bussholdeplasser n\u00e6rmest Fana stadion og Gneist arena:<\/em><\/p>\n\n\n\n<p class=\"\"><strong>Fana stadion: <\/strong>bussholdeplass for linje 65. <\/p>\n\n\n\n<p class=\"\"><strong>Meyerskiftet: <\/strong>bussholdeplass for linje 52 og 53<\/p>\n\n\n\n<p class=\"\"><strong>R\u00e5dal:<\/strong> bussholdeplass for linke 52, 53, 60, 61, 62, 64, 65, 530 og 600.<\/p>\n\n\n\n<p class=\"\">Rutetider finner du p\u00e5 skyss.no<\/p>\n\n\n\n<figure class=\"wp-block-image size-large\"><img loading=\"lazy\" decoding=\"async\" width=\"819\" height=\"1024\" src=\"https:\/\/gneist.org\/website_f29aed9f\/wp-content\/uploads\/2025\/07\/terminal-819x1024.jpg\" alt=\"\" class=\"wp-image-307\" srcset=\"https:\/\/gneist.org\/website_f29aed9f\/wp-content\/uploads\/2025\/07\/terminal-819x1024.jpg 819w, https:\/\/gneist.org\/website_f29aed9f\/wp-content\/uploads\/2025\/07\/terminal-240x300.jpg 240w, https:\/\/gneist.org\/website_f29aed9f\/wp-content\/uploads\/2025\/07\/terminal-768x960.jpg 768w, https:\/\/gneist.org\/website_f29aed9f\/wp-content\/uploads\/2025\/07\/terminal-600x750.jpg 600w, https:\/\/gneist.org\/website_f29aed9f\/wp-content\/uploads\/2025\/07\/terminal.jpg 1080w\" sizes=\"auto, (max-width: 819px) 100vw, 819px\" \/><\/figure>\n\n\n\n<p class=\"\"><\/p>\n\n\n\n<p class=\"\"><strong>Parkering rundt stadion: <\/strong><\/p>\n\n\n\n<p class=\"\"><strong>Gneist arena:<\/strong> Ingen parkering<\/p>\n\n\n\n<p class=\"\"><strong>Fana stadion:<\/strong> det vil&nbsp;<strong>ikke<\/strong>&nbsp;v\u00e6re mulig \u00e5 parkere utenfor Fana stadion under junior NM, kun p\u00e5 grusbanen p\u00e5 andre siden av veien. Unntaket er inviterte og lederne av hovedkomite, samt stevneleder og assisterende stevneleder. Det er mulighet for handicap parkering utenfor Fana stadion. Har du behov for dette m\u00e5 dette avklares i forkant med Maike:&nbsp;prosjekt.friidrett@gneist.no<\/p>\n\n\n\n<p class=\"\"><strong>Grusbane:<\/strong> begrenset antall plasser, ikke mulig \u00e5 reservere plasser. Parkering er gratis. <\/p>\n\n\n\n<figure class=\"wp-block-image size-large\"><img loading=\"lazy\" decoding=\"async\" width=\"1024\" height=\"724\" src=\"https:\/\/gneist.org\/website_f29aed9f\/wp-content\/uploads\/2025\/07\/7-2-1024x724.jpg\" alt=\"\" class=\"wp-image-310\" srcset=\"https:\/\/gneist.org\/website_f29aed9f\/wp-content\/uploads\/2025\/07\/7-2-1024x724.jpg 1024w, https:\/\/gneist.org\/website_f29aed9f\/wp-content\/uploads\/2025\/07\/7-2-300x212.jpg 300w, https:\/\/gneist.org\/website_f29aed9f\/wp-content\/uploads\/2025\/07\/7-2-768x543.jpg 768w, https:\/\/gneist.org\/website_f29aed9f\/wp-content\/uploads\/2025\/07\/7-2-1536x1086.jpg 1536w, https:\/\/gneist.org\/website_f29aed9f\/wp-content\/uploads\/2025\/07\/7-2-600x424.jpg 600w, https:\/\/gneist.org\/website_f29aed9f\/wp-content\/uploads\/2025\/07\/7-2.jpg 2000w\" sizes=\"auto, (max-width: 1024px) 100vw, 1024px\" \/><\/figure>\n","protected":false},"excerpt":{"rendered":"<p>Vi anbefaler alle \u00e5 benytte seg av kollektiv transport. Lagunen terminal (buss og bybane): Lagunen terminal er et stort knutepunkt for kollektivtransport, her er det b\u00e5de buss og bybane, ca. 15-20 min \u00e5 g\u00e5 til Fana stadion og Gneist arena. Bussholdeplasser n\u00e6rmest Fana stadion og Gneist arena: Fana stadion: bussholdeplass for linje 65. Meyerskiftet: bussholdeplass&#8230;<\/p>\n<div class=\"read-more\"><a href=\"https:\/\/gneist.org\/website_f29aed9f\/parkering\/\">Read More<\/a><\/div>\n","protected":false},"author":1,"featured_media":0,"parent":0,"menu_order":0,"comment_status":"closed","ping_status":"closed","template":"","meta":{"nf_dc_page":"","footnotes":""},"class_list":["post-306","page","type-page","status-publish","hentry"],"_links":{"self":[{"href":"https:\/\/gneist.org\/website_f29aed9f\/wp-json\/wp\/v2\/pages\/306","targetHints":{"allow":["GET"]}}],"collection":[{"href":"https:\/\/gneist.org\/website_f29aed9f\/wp-json\/wp\/v2\/pages"}],"about":[{"href":"https:\/\/gneist.org\/website_f29aed9f\/wp-json\/wp\/v2\/types\/page"}],"author":[{"embeddable":true,"href":"https:\/\/gneist.org\/website_f29aed9f\/wp-json\/wp\/v2\/users\/1"}],"replies":[{"embeddable":true,"href":"https:\/\/gneist.org\/website_f29aed9f\/wp-json\/wp\/v2\/comments?post=306"}],"version-history":[{"count":4,"href":"https:\/\/gneist.org\/website_f29aed9f\/wp-json\/wp\/v2\/pages\/306\/revisions"}],"predecessor-version":[{"id":403,"href":"https:\/\/gneist.org\/website_f29aed9f\/wp-json\/wp\/v2\/pages\/306\/revisions\/403"}],"wp:attachment":[{"href":"https:\/\/gneist.org\/website_f29aed9f\/wp-json\/wp\/v2\/media?parent=306"}],"curies":[{"name":"wp","href":"https:\/\/api.w.org\/{rel}","templated":true}]}}